{"id":2,"date":"2026-04-17T07:41:10","date_gmt":"2026-04-17T07:41:10","guid":{"rendered":"https:\/\/istori.ro\/?page_id=2"},"modified":"2026-04-20T09:44:44","modified_gmt":"2026-04-20T09:44:44","slug":"pagina-exemplu","status":"publish","type":"page","link":"https:\/\/istori.ro\/","title":{"rendered":"Acasa"},"content":{"rendered":"<section class=\"l-section wpb_row us_custom_eb849559 height_medium\"><div class=\"l-section-overlay\" style=\"background:var(--color-header-top-transparent-text)\"><\/div><div class=\"l-section-h i-cf\"><div class=\"g-cols vc_row via_grid cols_1 laptops-cols_inherit tablets-cols_inherit mobiles-cols_1 valign_top type_default stacking_default\"><div class=\"wpb_column vc_column_container us_custom_92fadd26 has_bg_color\"><div class=\"vc_column-inner\"><div class=\"wpb_text_column\"><div class=\"wpb_wrapper\"><p>Istoria nu e doar despre date.<br \/>\nE despre decizii care au schimbat lumea\u2026<\/p>\n<p>Ce s-ar fi \u00eent\u00e2mplat dac\u0103 un singur om <strong>ar fi ales diferit<\/strong>?<\/p>\n<p><em>Bine ai venit \u00een locul unde trecutul prinde via\u021b\u0103.<\/em><\/p>\n<\/div><\/div><div class=\"w-separator size_medium with_line width_default thick_1 style_solid color_border align_center\"><div class=\"w-separator-h\"><\/div><\/div><div class=\"w-btn-wrapper align_none\"><a class=\"w-btn us-btn-style_1\" href=\"#\"><span class=\"w-btn-label\">Exploreaz\u0103 pove\u0219tile..<\/span><\/a><\/div><div class=\"w-btn-wrapper align_none\"><a class=\"w-btn us-btn-style_1\" href=\"#\"><span class=\"w-btn-label\">Descoper\u0103 mistere..<\/span><\/a><\/div><\/div><\/div><\/div><\/div><\/section>\n","protected":false},"excerpt":{"rendered":"Istoria nu e doar despre date. E despre decizii care au schimbat lumea\u2026 Ce s-ar fi \u00eent\u00e2mplat dac\u0103 un singur om ar fi ales diferit? Bine ai venit \u00een locul unde trecutul prinde via\u021b\u0103. Exploreaz\u0103 pove\u0219tile..Descoper\u0103 mistere..","protected":false},"author":1,"featured_media":0,"parent":0,"menu_order":0,"comment_status":"closed","ping_status":"open","template":"","meta":{"footnotes":""},"class_list":["post-2","page","type-page","status-publish","hentry"],"_links":{"self":[{"href":"https:\/\/istori.ro\/index.php?rest_route=\/wp\/v2\/pages\/2","targetHints":{"allow":["GET"]}}],"collection":[{"href":"https:\/\/istori.ro\/index.php?rest_route=\/wp\/v2\/pages"}],"about":[{"href":"https:\/\/istori.ro\/index.php?rest_route=\/wp\/v2\/types\/page"}],"author":[{"embeddable":true,"href":"https:\/\/istori.ro\/index.php?rest_route=\/wp\/v2\/users\/1"}],"replies":[{"embeddable":true,"href":"https:\/\/istori.ro\/index.php?rest_route=%2Fwp%2Fv2%2Fcomments&post=2"}],"version-history":[{"count":11,"href":"https:\/\/istori.ro\/index.php?rest_route=\/wp\/v2\/pages\/2\/revisions"}],"predecessor-version":[{"id":23,"href":"https:\/\/istori.ro\/index.php?rest_route=\/wp\/v2\/pages\/2\/revisions\/23"}],"wp:attachment":[{"href":"https:\/\/istori.ro\/index.php?rest_route=%2Fwp%2Fv2%2Fmedia&parent=2"}],"curies":[{"name":"wp","href":"https:\/\/api.w.org\/{rel}","templated":true}]}}